{"id":335,"date":"2024-10-15T12:40:53","date_gmt":"2024-10-15T12:40:53","guid":{"rendered":"https:\/\/xenodochial-elbakyan.188-95-114-6.plesk.page\/?page_id=335"},"modified":"2025-07-02T13:01:45","modified_gmt":"2025-07-02T13:01:45","slug":"blog","status":"publish","type":"page","link":"https:\/\/www.cleverit.es\/xtms\/blog\/","title":{"rendered":"Blog"},"content":{"rendered":"<p>[et_pb_section fb_built=\u00bb1&#8243; _builder_version=\u00bb4.27.2&#8243; _module_preset=\u00bbdefault\u00bb background_color=\u00bb#FFFFFF\u00bb custom_padding=\u00bb13px|||||\u00bb global_colors_info=\u00bb{}\u00bb][et_pb_row _builder_version=\u00bb4.27.2&#8243; _module_preset=\u00bbdefault\u00bb global_colors_info=\u00bb{}\u00bb][et_pb_column type=\u00bb4_4&#8243; _builder_version=\u00bb4.27.2&#8243; _module_preset=\u00bbdefault\u00bb global_colors_info=\u00bb{}\u00bb][et_pb_text _builder_version=\u00bb4.27.2&#8243; _module_preset=\u00bb_initial\u00bb header_font=\u00bbInter|700|||||||\u00bb header_text_color=\u00bb#111827&#8243; header_font_size=\u00bb75px\u00bb header_line_height=\u00bb1.2em\u00bb custom_margin=\u00bb||10px||false|false\u00bb custom_padding=\u00bb||5px|||\u00bb header_font_size_tablet=\u00bb70px\u00bb header_font_size_phone=\u00bb50px\u00bb header_font_size_last_edited=\u00bbon|phone\u00bb global_colors_info=\u00bb{}\u00bb]<\/p>\n<h1>Blog<\/h1>\n<p>[\/et_pb_text][et_pb_text _builder_version=\u00bb4.27.2&#8243; _module_preset=\u00bb_initial\u00bb text_text_color=\u00bb#111827&#8243; text_font_size=\u00bb16px\u00bb text_line_height=\u00bb1.8em\u00bb text_font_size_tablet=\u00bb16px\u00bb text_font_size_phone=\u00bb16px\u00bb text_font_size_last_edited=\u00bbon|phone\u00bb locked=\u00bboff\u00bb global_colors_info=\u00bb{}\u00bb]<\/p>\n<p><strong>\u00a1Bienvenido<\/strong> a nuestro blog de noticias, un espacio para hablar de nuestro d\u00eda a d\u00eda y de las tendencias y novedades de un sector en perpetuo cambio y evoluci\u00f3n!<\/p>\n<p>[\/et_pb_text][et_pb_blog fullwidth=\u00bboff\u00bb posts_number=\u00bb12&#8243; show_more=\u00bbon\u00bb show_author=\u00bboff\u00bb show_date=\u00bboff\u00bb show_categories=\u00bboff\u00bb _builder_version=\u00bb4.27.2&#8243; _module_preset=\u00bbdefault\u00bb header_font=\u00bbInter|700|||||||\u00bb header_line_height=\u00bb1.3em\u00bb body_font=\u00bb||||||||\u00bb body_text_align=\u00bbleft\u00bb body_text_color=\u00bb#000f30&#8243; read_more_font=\u00bb|700||on|||||\u00bb read_more_font_size=\u00bb15px\u00bb pagination_font=\u00bbInter|700|||||||\u00bb pagination_text_color=\u00bb#FFFFFF\u00bb global_colors_info=\u00bb{}\u00bb][\/et_pb_blog][\/et_pb_column][\/et_pb_row][\/et_pb_section]<\/p>\n","protected":false},"excerpt":{"rendered":"<p>Blog\u00a1Bienvenido a nuestro blog de noticias, un espacio para hablar de nuestro d\u00eda a d\u00eda y de las tendencias y novedades de un sector en perpetuo cambio y evoluci\u00f3n!<\/p>\n","protected":false},"author":1,"featured_media":0,"parent":0,"menu_order":0,"comment_status":"closed","ping_status":"closed","template":"","meta":{"_et_pb_use_builder":"on","_et_pb_old_content":"","_et_gb_content_width":"","footnotes":""},"class_list":["post-335","page","type-page","status-publish","hentry"],"yoast_head":"<!-- This site is optimized with the Yoast SEO plugin v25.6 - https:\/\/yoast.com\/wordpress\/plugins\/seo\/ -->\n<title>Blog XTMS | Cleverit Consultor\u00eda tecnol\u00f3gica<\/title>\n<meta name=\"description\" content=\"Bienvenido al blog de noticias de Cleverit-XTMS, un espacio para hablar sobre tecnolog\u00eda, software, y ERP para transporte y log\u00edstia.\" \/>\n<meta name=\"robots\" content=\"index, follow, max-snippet:-1, max-image-preview:large, max-video-preview:-1\" \/>\n<link rel=\"canonical\" href=\"https:\/\/www.cleverit.es\/xtms\/blog\/\" \/>\n<meta property=\"og:locale\" content=\"es_ES\" \/>\n<meta property=\"og:type\" content=\"article\" \/>\n<meta property=\"og:title\" content=\"Blog XTMS | Cleverit Consultor\u00eda tecnol\u00f3gica\" \/>\n<meta property=\"og:description\" content=\"Bienvenido al blog de noticias de Cleverit-XTMS, un espacio para hablar sobre tecnolog\u00eda, software, y ERP para transporte y log\u00edstia.\" \/>\n<meta property=\"og:url\" content=\"https:\/\/www.cleverit.es\/xtms\/blog\/\" \/>\n<meta property=\"og:site_name\" content=\"Cleverit\" \/>\n<meta property=\"article:modified_time\" content=\"2025-07-02T13:01:45+00:00\" \/>\n<meta property=\"og:image\" content=\"https:\/\/www.cleverit.es\/xtms\/wp-content\/uploads\/2024\/10\/cropped-cleverit-favicon.png\" \/>\n\t<meta property=\"og:image:width\" content=\"512\" \/>\n\t<meta property=\"og:image:height\" content=\"512\" \/>\n\t<meta property=\"og:image:type\" content=\"image\/png\" \/>\n<meta name=\"twitter:card\" content=\"summary_large_image\" \/>\n<meta name=\"twitter:label1\" content=\"Tiempo de lectura\" \/>\n\t<meta name=\"twitter:data1\" content=\"1 minuto\" \/>\n<script type=\"application\/ld+json\" class=\"yoast-schema-graph\">{\"@context\":\"https:\/\/schema.org\",\"@graph\":[{\"@type\":\"WebPage\",\"@id\":\"https:\/\/www.cleverit.es\/xtms\/blog\/\",\"url\":\"https:\/\/www.cleverit.es\/xtms\/blog\/\",\"name\":\"Blog XTMS | Cleverit Consultor\u00eda tecnol\u00f3gica\",\"isPartOf\":{\"@id\":\"https:\/\/www.cleverit.es\/xtms\/#website\"},\"datePublished\":\"2024-10-15T12:40:53+00:00\",\"dateModified\":\"2025-07-02T13:01:45+00:00\",\"description\":\"Bienvenido al blog de noticias de Cleverit-XTMS, un espacio para hablar sobre tecnolog\u00eda, software, y ERP para transporte y log\u00edstia.\",\"breadcrumb\":{\"@id\":\"https:\/\/www.cleverit.es\/xtms\/blog\/#breadcrumb\"},\"inLanguage\":\"es\",\"potentialAction\":[{\"@type\":\"ReadAction\",\"target\":[\"https:\/\/www.cleverit.es\/xtms\/blog\/\"]}]},{\"@type\":\"BreadcrumbList\",\"@id\":\"https:\/\/www.cleverit.es\/xtms\/blog\/#breadcrumb\",\"itemListElement\":[{\"@type\":\"ListItem\",\"position\":1,\"name\":\"Portada\",\"item\":\"https:\/\/www.cleverit.es\/xtms\/\"},{\"@type\":\"ListItem\",\"position\":2,\"name\":\"Blog\"}]},{\"@type\":\"WebSite\",\"@id\":\"https:\/\/www.cleverit.es\/xtms\/#website\",\"url\":\"https:\/\/www.cleverit.es\/xtms\/\",\"name\":\"Cleverit-XTMS\",\"description\":\"ERP Transporte y Log\u00edstica\",\"publisher\":{\"@id\":\"https:\/\/www.cleverit.es\/xtms\/#organization\"},\"potentialAction\":[{\"@type\":\"SearchAction\",\"target\":{\"@type\":\"EntryPoint\",\"urlTemplate\":\"https:\/\/www.cleverit.es\/xtms\/?s={search_term_string}\"},\"query-input\":{\"@type\":\"PropertyValueSpecification\",\"valueRequired\":true,\"valueName\":\"search_term_string\"}}],\"inLanguage\":\"es\"},{\"@type\":\"Organization\",\"@id\":\"https:\/\/www.cleverit.es\/xtms\/#organization\",\"name\":\"Cleverit-XTMS\",\"alternateName\":\"XTMS\",\"url\":\"https:\/\/www.cleverit.es\/xtms\/\",\"logo\":{\"@type\":\"ImageObject\",\"inLanguage\":\"es\",\"@id\":\"https:\/\/www.cleverit.es\/xtms\/#\/schema\/logo\/image\/\",\"url\":\"https:\/\/www.cleverit.es\/xtms\/wp-content\/uploads\/2024\/10\/cropped-cleverit-favicon.png\",\"contentUrl\":\"https:\/\/www.cleverit.es\/xtms\/wp-content\/uploads\/2024\/10\/cropped-cleverit-favicon.png\",\"width\":512,\"height\":512,\"caption\":\"Cleverit-XTMS\"},\"image\":{\"@id\":\"https:\/\/www.cleverit.es\/xtms\/#\/schema\/logo\/image\/\"}}]}<\/script>\n<!-- \/ Yoast SEO plugin. -->","yoast_head_json":{"title":"Blog XTMS | Cleverit Consultor\u00eda tecnol\u00f3gica","description":"Bienvenido al blog de noticias de Cleverit-XTMS, un espacio para hablar sobre tecnolog\u00eda, software, y ERP para transporte y log\u00edstia.","robots":{"index":"index","follow":"follow","max-snippet":"max-snippet:-1","max-image-preview":"max-image-preview:large","max-video-preview":"max-video-preview:-1"},"canonical":"https:\/\/www.cleverit.es\/xtms\/blog\/","og_locale":"es_ES","og_type":"article","og_title":"Blog XTMS | Cleverit Consultor\u00eda tecnol\u00f3gica","og_description":"Bienvenido al blog de noticias de Cleverit-XTMS, un espacio para hablar sobre tecnolog\u00eda, software, y ERP para transporte y log\u00edstia.","og_url":"https:\/\/www.cleverit.es\/xtms\/blog\/","og_site_name":"Cleverit","article_modified_time":"2025-07-02T13:01:45+00:00","og_image":[{"width":512,"height":512,"url":"https:\/\/www.cleverit.es\/xtms\/wp-content\/uploads\/2024\/10\/cropped-cleverit-favicon.png","type":"image\/png"}],"twitter_card":"summary_large_image","twitter_misc":{"Tiempo de lectura":"1 minuto"},"schema":{"@context":"https:\/\/schema.org","@graph":[{"@type":"WebPage","@id":"https:\/\/www.cleverit.es\/xtms\/blog\/","url":"https:\/\/www.cleverit.es\/xtms\/blog\/","name":"Blog XTMS | Cleverit Consultor\u00eda tecnol\u00f3gica","isPartOf":{"@id":"https:\/\/www.cleverit.es\/xtms\/#website"},"datePublished":"2024-10-15T12:40:53+00:00","dateModified":"2025-07-02T13:01:45+00:00","description":"Bienvenido al blog de noticias de Cleverit-XTMS, un espacio para hablar sobre tecnolog\u00eda, software, y ERP para transporte y log\u00edstia.","breadcrumb":{"@id":"https:\/\/www.cleverit.es\/xtms\/blog\/#breadcrumb"},"inLanguage":"es","potentialAction":[{"@type":"ReadAction","target":["https:\/\/www.cleverit.es\/xtms\/blog\/"]}]},{"@type":"BreadcrumbList","@id":"https:\/\/www.cleverit.es\/xtms\/blog\/#breadcrumb","itemListElement":[{"@type":"ListItem","position":1,"name":"Portada","item":"https:\/\/www.cleverit.es\/xtms\/"},{"@type":"ListItem","position":2,"name":"Blog"}]},{"@type":"WebSite","@id":"https:\/\/www.cleverit.es\/xtms\/#website","url":"https:\/\/www.cleverit.es\/xtms\/","name":"Cleverit-XTMS","description":"ERP Transporte y Log\u00edstica","publisher":{"@id":"https:\/\/www.cleverit.es\/xtms\/#organization"},"potentialAction":[{"@type":"SearchAction","target":{"@type":"EntryPoint","urlTemplate":"https:\/\/www.cleverit.es\/xtms\/?s={search_term_string}"},"query-input":{"@type":"PropertyValueSpecification","valueRequired":true,"valueName":"search_term_string"}}],"inLanguage":"es"},{"@type":"Organization","@id":"https:\/\/www.cleverit.es\/xtms\/#organization","name":"Cleverit-XTMS","alternateName":"XTMS","url":"https:\/\/www.cleverit.es\/xtms\/","logo":{"@type":"ImageObject","inLanguage":"es","@id":"https:\/\/www.cleverit.es\/xtms\/#\/schema\/logo\/image\/","url":"https:\/\/www.cleverit.es\/xtms\/wp-content\/uploads\/2024\/10\/cropped-cleverit-favicon.png","contentUrl":"https:\/\/www.cleverit.es\/xtms\/wp-content\/uploads\/2024\/10\/cropped-cleverit-favicon.png","width":512,"height":512,"caption":"Cleverit-XTMS"},"image":{"@id":"https:\/\/www.cleverit.es\/xtms\/#\/schema\/logo\/image\/"}}]}},"_links":{"self":[{"href":"https:\/\/www.cleverit.es\/xtms\/wp-json\/wp\/v2\/pages\/335"}],"collection":[{"href":"https:\/\/www.cleverit.es\/xtms\/wp-json\/wp\/v2\/pages"}],"about":[{"href":"https:\/\/www.cleverit.es\/xtms\/wp-json\/wp\/v2\/types\/page"}],"author":[{"embeddable":true,"href":"https:\/\/www.cleverit.es\/xtms\/wp-json\/wp\/v2\/users\/1"}],"replies":[{"embeddable":true,"href":"https:\/\/www.cleverit.es\/xtms\/wp-json\/wp\/v2\/comments?post=335"}],"version-history":[{"count":11,"href":"https:\/\/www.cleverit.es\/xtms\/wp-json\/wp\/v2\/pages\/335\/revisions"}],"predecessor-version":[{"id":21231,"href":"https:\/\/www.cleverit.es\/xtms\/wp-json\/wp\/v2\/pages\/335\/revisions\/21231"}],"wp:attachment":[{"href":"https:\/\/www.cleverit.es\/xtms\/wp-json\/wp\/v2\/media?parent=335"}],"curies":[{"name":"wp","href":"https:\/\/api.w.org\/{rel}","templated":true}]}}